{"id":53,"date":"2019-05-14T07:27:18","date_gmt":"2019-05-14T05:27:18","guid":{"rendered":"https:\/\/www.fcweissensee03.de\/V2\/?page_id=53"},"modified":"2025-01-09T08:48:32","modified_gmt":"2025-01-09T07:48:32","slug":"vereinsgeschichte","status":"publish","type":"page","link":"https:\/\/www.fcweissensee03.de\/V2\/vereinsgeschichte\/","title":{"rendered":"Vereinsgeschichte"},"content":{"rendered":"\n<div class=\"wp-block-media-text\"><figure class=\"wp-block-media-text__media\"><img loading=\"lazy\" decoding=\"async\" width=\"1024\" height=\"576\" src=\"https:\/\/www.fcweissensee03.de\/V2\/wp-content\/uploads\/2020\/08\/Fischhof_3-1024x576.jpg\" alt=\"\" class=\"wp-image-1201 size-full\" srcset=\"https:\/\/www.fcweissensee03.de\/V2\/wp-content\/uploads\/2020\/08\/Fischhof_3-1024x576.jpg 1024w, https:\/\/www.fcweissensee03.de\/V2\/wp-content\/uploads\/2020\/08\/Fischhof_3-300x169.jpg 300w, https:\/\/www.fcweissensee03.de\/V2\/wp-content\/uploads\/2020\/08\/Fischhof_3-768x432.jpg 768w, https:\/\/www.fcweissensee03.de\/V2\/wp-content\/uploads\/2020\/08\/Fischhof_3-1536x864.jpg 1536w, https:\/\/www.fcweissensee03.de\/V2\/wp-content\/uploads\/2020\/08\/Fischhof_3-2048x1152.jpg 2048w\" sizes=\"(max-width: 1024px) 100vw, 1024px\" \/><\/figure><div class=\"wp-block-media-text__content\">\n<p style=\"font-size:18px\">Auf einer au\u00dferordentlichen Mitgliederversammlung des SV Blau-Wei\u00df 21 Wei\u00dfensee, Abteilung Fu\u00dfball am 19.01.2003, wurde durch die Mitglieder der Wunsch ge\u00e4u\u00dfert, einen eigenst\u00e4ndigen Fu\u00dfballverein zu gr\u00fcnden. Mit diesen Vorstellungen setzte sich die ehemalige Abteilung Fu\u00dfball um Gerhard Palm mit dem Vorstand des SV Blau-Wei\u00df 21 an einen Tisch, um alle rechtlichen Probleme zu erl\u00e4utern und einen ordnungsgem\u00e4\u00dfen, sauberen Austritt aus dem Verein SV Blau-Wei\u00df 21 Wei\u00dfensee vor zu bereiten. Ziel der Eigenst\u00e4ndigkeit war die bessere B\u00fcndelung der Kr\u00e4fte und Mittel.<\/p>\n<\/div><\/div>\n\n\n\n<div class=\"wp-block-media-text alignwide has-media-on-the-right\"><div class=\"wp-block-media-text__content\">\n<p style=\"font-size:18px\">Am 05.05.2003 war es dann soweit. Die anwesenden Mitglieder best\u00e4tigten auf der Gr\u00fcndungsversammlung den vorgeschlagenen Namen &#8222;FC Wei\u00dfensee 03&#8220;, eingetragen am 13.08.2003 ins Vereinsregister beim Amtsgericht in S\u00f6mmerda. Der Fu\u00dfballclub Wei\u00dfensee 03 war geboren.<\/p>\n<\/div><figure class=\"wp-block-media-text__media\"><img loading=\"lazy\" decoding=\"async\" width=\"1024\" height=\"576\" src=\"https:\/\/www.fcweissensee03.de\/V2\/wp-content\/uploads\/2020\/08\/Trainerh\u00e4uschen-1024x576.jpg\" alt=\"\" class=\"wp-image-1209 size-full\" srcset=\"https:\/\/www.fcweissensee03.de\/V2\/wp-content\/uploads\/2020\/08\/Trainerh\u00e4uschen-1024x576.jpg 1024w, https:\/\/www.fcweissensee03.de\/V2\/wp-content\/uploads\/2020\/08\/Trainerh\u00e4uschen-300x169.jpg 300w, https:\/\/www.fcweissensee03.de\/V2\/wp-content\/uploads\/2020\/08\/Trainerh\u00e4uschen-768x432.jpg 768w, https:\/\/www.fcweissensee03.de\/V2\/wp-content\/uploads\/2020\/08\/Trainerh\u00e4uschen-1536x864.jpg 1536w, https:\/\/www.fcweissensee03.de\/V2\/wp-content\/uploads\/2020\/08\/Trainerh\u00e4uschen-2048x1153.jpg 2048w\" sizes=\"(max-width: 1024px) 100vw, 1024px\" \/><\/figure><\/div>\n\n\n\n<div class=\"wp-block-media-text alignwide\"><figure class=\"wp-block-media-text__media\"><img loading=\"lazy\" decoding=\"async\" width=\"1024\" height=\"957\" src=\"https:\/\/www.fcweissensee03.de\/V2\/wp-content\/uploads\/2020\/08\/20200726_173731-1024x957.jpg\" alt=\"\" class=\"wp-image-1214 size-full\" srcset=\"https:\/\/www.fcweissensee03.de\/V2\/wp-content\/uploads\/2020\/08\/20200726_173731-1024x957.jpg 1024w, https:\/\/www.fcweissensee03.de\/V2\/wp-content\/uploads\/2020\/08\/20200726_173731-300x280.jpg 300w, https:\/\/www.fcweissensee03.de\/V2\/wp-content\/uploads\/2020\/08\/20200726_173731-768x717.jpg 768w, https:\/\/www.fcweissensee03.de\/V2\/wp-content\/uploads\/2020\/08\/20200726_173731.jpg 1411w\" sizes=\"(max-width: 1024px) 100vw, 1024px\" \/><\/figure><div class=\"wp-block-media-text__content\">\n<p style=\"font-size:18px\">Als Pr\u00e4sident wurde Benito Schr\u00f6ter gew\u00e4hlt. Bis zum 21.06.2006 \u00fcbte er diese Funktion aus und f\u00fchrte den Club erfolgreich. Gekr\u00f6nt wurde seine Arbeit mit dem Wiederaufstieg der 1. M\u00e4nnermannschaft in die Landesklasse im Spieljahr 2005\/06. Auf Grund seiner beruflichen Belastungen und andern ehrenamtlichen T\u00e4tigkeiten stellte er mit Ablauf der Amtszeit seine Funktion zur Verf\u00fcgung. Mit der Neuwahl am 21.06.2006 f\u00fchrte dann G\u00fcnther Habermann als Pr\u00e4sident den FC Wei\u00dfensee 03. Vom 08.03.2019 bis zum 04.03.2022 war schlie\u00dflich Mario Ullmann der 1. Vorsitzende unseres Vereins. Seit dem 04.03.2022 ist nun Christopher Metz Pr\u00e4sident des FC Wei\u00dfensee 03. G\u00fcnther Habermann ist als Ehrenpr\u00e4sident weiterhin im Vorstand aktiv.<\/p>\n<\/div><\/div>\n\n\n\n<figure class=\"wp-block-image size-large\"><img loading=\"lazy\" decoding=\"async\" width=\"1024\" height=\"691\" src=\"https:\/\/www.fcweissensee03.de\/V2\/wp-content\/uploads\/2020\/08\/20200811_104653-1024x691.jpg\" alt=\"\" class=\"wp-image-1215\" srcset=\"https:\/\/www.fcweissensee03.de\/V2\/wp-content\/uploads\/2020\/08\/20200811_104653-1024x691.jpg 1024w, https:\/\/www.fcweissensee03.de\/V2\/wp-content\/uploads\/2020\/08\/20200811_104653-300x202.jpg 300w, https:\/\/www.fcweissensee03.de\/V2\/wp-content\/uploads\/2020\/08\/20200811_104653-768x518.jpg 768w, https:\/\/www.fcweissensee03.de\/V2\/wp-content\/uploads\/2020\/08\/20200811_104653-1536x1037.jpg 1536w, https:\/\/www.fcweissensee03.de\/V2\/wp-content\/uploads\/2020\/08\/20200811_104653.jpg 1996w\" sizes=\"(max-width: 1024px) 100vw, 1024px\" \/><\/figure>\n","protected":false},"excerpt":{"rendered":"<p>Auf einer au\u00dferordentlichen Mitgliederversammlung des SV Blau-Wei\u00df 21 Wei\u00dfensee, Abteilung Fu\u00dfball am 19.01.2003, wurde durch die Mitglieder der Wunsch ge\u00e4u\u00dfert, einen eigenst\u00e4ndigen Fu\u00dfballverein zu gr\u00fcnden. Mit diesen Vorstellungen setzte sich die ehemalige Abteilung Fu\u00dfball um Gerhard Palm mit dem Vorstand des SV Blau-Wei\u00df 21 an einen Tisch, um alle rechtlichen Probleme zu erl\u00e4utern und einen [&hellip;]<\/p>\n","protected":false},"author":1,"featured_media":0,"parent":0,"menu_order":0,"comment_status":"closed","ping_status":"closed","template":"","meta":{"saved_in_kubio":true,"footnotes":""},"class_list":["post-53","page","type-page","status-publish","hentry"],"kubio_ai_page_context":{"short_desc":"","purpose":"general"},"_links":{"self":[{"href":"https:\/\/www.fcweissensee03.de\/V2\/wp-json\/wp\/v2\/pages\/53","targetHints":{"allow":["GET"]}}],"collection":[{"href":"https:\/\/www.fcweissensee03.de\/V2\/wp-json\/wp\/v2\/pages"}],"about":[{"href":"https:\/\/www.fcweissensee03.de\/V2\/wp-json\/wp\/v2\/types\/page"}],"author":[{"embeddable":true,"href":"https:\/\/www.fcweissensee03.de\/V2\/wp-json\/wp\/v2\/users\/1"}],"replies":[{"embeddable":true,"href":"https:\/\/www.fcweissensee03.de\/V2\/wp-json\/wp\/v2\/comments?post=53"}],"version-history":[{"count":0,"href":"https:\/\/www.fcweissensee03.de\/V2\/wp-json\/wp\/v2\/pages\/53\/revisions"}],"wp:attachment":[{"href":"https:\/\/www.fcweissensee03.de\/V2\/wp-json\/wp\/v2\/media?parent=53"}],"curies":[{"name":"wp","href":"https:\/\/api.w.org\/{rel}","templated":true}]}}